{"id":2600,"date":"2022-12-09T15:52:01","date_gmt":"2022-12-09T15:52:01","guid":{"rendered":"https:\/\/www.fink.com.br\/novo\/?page_id=2600"},"modified":"2026-03-16T13:42:36","modified_gmt":"2026-03-16T16:42:36","slug":"faim","status":"publish","type":"page","link":"https:\/\/www.fink.com.br\/mobility\/faim\/","title":{"rendered":"FAIM"},"content":{"rendered":"\t\t<div data-elementor-type=\"wp-page\" data-elementor-id=\"2600\" class=\"elementor elementor-2600\" data-elementor-post-type=\"page\">\n\t\t\t\t\t\t<section class=\"elementor-section elementor-top-section elementor-element elementor-element-205ddab elementor-section-height-min-height elementor-hidden-tablet elementor-hidden-mobile elementor-section-boxed elementor-section-height-default elementor-section-items-middle\" data-id=\"205ddab\" data-element_type=\"section\" data-e-type=\"section\" data-settings=\"{&quot;background_background&quot;:&quot;slideshow&quot;,&quot;background_slideshow_gallery&quot;:[{&quot;id&quot;:4826,&quot;url&quot;:&quot;https:\\\/\\\/www.fink.com.br\\\/mobility\\\/wp-content\\\/uploads\\\/2023\\\/01\\\/bg_institucional_01.jpg&quot;},{&quot;id&quot;:4827,&quot;url&quot;:&quot;https:\\\/\\\/www.fink.com.br\\\/mobility\\\/wp-content\\\/uploads\\\/2023\\\/01\\\/bg_institucional_03.jpg&quot;}],&quot;background_slideshow_ken_burns&quot;:&quot;yes&quot;,&quot;background_slideshow_loop&quot;:&quot;yes&quot;,&quot;background_slideshow_slide_duration&quot;:5000,&quot;background_slideshow_slide_transition&quot;:&quot;fade&quot;,&quot;background_slideshow_transition_duration&quot;:500,&quot;background_slideshow_ken_burns_zoom_direction&quot;:&quot;in&quot;}\">\n\t\t\t\t\t\t<div class=\"elementor-container elementor-column-gap-default\">\n\t\t\t\t\t<div class=\"elementor-column elementor-col-100 elementor-top-column elementor-element elementor-element-14c05c2\" data-id=\"14c05c2\" data-element_type=\"column\" data-e-type=\"column\">\n\t\t\t<div class=\"elementor-widget-wrap\">\n\t\t\t\t\t\t\t<\/div>\n\t\t<\/div>\n\t\t\t\t\t<\/div>\n\t\t<\/section>\n\t\t\t\t<section class=\"elementor-section elementor-top-section elementor-element elementor-element-c90a6c8 elementor-section-height-min-height elementor-hidden-desktop elementor-section-boxed elementor-section-height-default elementor-section-items-middle\" data-id=\"c90a6c8\" data-element_type=\"section\" data-e-type=\"section\" data-settings=\"{&quot;background_background&quot;:&quot;slideshow&quot;,&quot;background_slideshow_gallery&quot;:[{&quot;id&quot;:6698,&quot;url&quot;:&quot;https:\\\/\\\/www.fink.com.br\\\/mobility\\\/wp-content\\\/uploads\\\/2023\\\/01\\\/FOTO-1-OLHO.jpg&quot;},{&quot;id&quot;:6697,&quot;url&quot;:&quot;https:\\\/\\\/www.fink.com.br\\\/mobility\\\/wp-content\\\/uploads\\\/2023\\\/01\\\/FOTO-3-GLOBO.jpg&quot;}],&quot;background_slideshow_ken_burns&quot;:&quot;yes&quot;,&quot;background_slideshow_loop&quot;:&quot;yes&quot;,&quot;background_slideshow_slide_duration&quot;:5000,&quot;background_slideshow_slide_transition&quot;:&quot;fade&quot;,&quot;background_slideshow_transition_duration&quot;:500,&quot;background_slideshow_ken_burns_zoom_direction&quot;:&quot;in&quot;}\">\n\t\t\t\t\t\t<div class=\"elementor-container elementor-column-gap-default\">\n\t\t\t\t\t<div class=\"elementor-column elementor-col-100 elementor-top-column elementor-element elementor-element-59d7643\" data-id=\"59d7643\" data-element_type=\"column\" data-e-type=\"column\">\n\t\t\t<div class=\"elementor-widget-wrap\">\n\t\t\t\t\t\t\t<\/div>\n\t\t<\/div>\n\t\t\t\t\t<\/div>\n\t\t<\/section>\n\t\t\t\t<section class=\"elementor-section elementor-top-section elementor-element elementor-element-23f3265 elementor-section-boxed elementor-section-height-default elementor-section-height-default\" data-id=\"23f3265\" data-element_type=\"section\" data-e-type=\"section\">\n\t\t\t\t\t\t<div class=\"elementor-container elementor-column-gap-default\">\n\t\t\t\t\t<div class=\"elementor-column elementor-col-50 elementor-top-column elementor-element elementor-element-fad2d2a\" data-id=\"fad2d2a\" data-element_type=\"column\" data-e-type=\"column\">\n\t\t\t<div class=\"elementor-widget-wrap elementor-element-populated\">\n\t\t\t\t\t\t<div class=\"elementor-element elementor-element-193a258 elementor-widget elementor-widget-heading\" data-id=\"193a258\" data-element_type=\"widget\" data-e-type=\"widget\" data-widget_type=\"heading.default\">\n\t\t\t\t<div class=\"elementor-widget-container\">\n\t\t\t\t\t<h2 class=\"elementor-heading-title elementor-size-default\">FAIM<\/h2>\t\t\t\t<\/div>\n\t\t\t\t<\/div>\n\t\t\t\t\t<\/div>\n\t\t<\/div>\n\t\t\t\t<div class=\"elementor-column elementor-col-50 elementor-top-column elementor-element elementor-element-f9d85f8\" data-id=\"f9d85f8\" data-element_type=\"column\" data-e-type=\"column\">\n\t\t\t<div class=\"elementor-widget-wrap elementor-element-populated\">\n\t\t\t\t\t\t<div class=\"elementor-element elementor-element-e4bdd47 elementor-widget elementor-widget-text-editor\" data-id=\"e4bdd47\" data-element_type=\"widget\" data-e-type=\"widget\" data-widget_type=\"text-editor.default\">\n\t\t\t\t<div class=\"elementor-widget-container\">\n\t\t\t\t\t\t\t\t\t<p>O programa de certifica\u00e7\u00e3o FIDI-FAIM \u00e9 reconhecido como o selo supremo de qualidade na ind\u00fastria de mudan\u00e7as internacionais.<\/p>\n<p>O certificado \u00e9 garantido apenas \u00e0s empresas que cumprem todas as exig\u00eancias do programa de qualidade executado pela empresa de auditoria Ernst &amp; Young, internacionalmente.<\/p>\n<p>A FINK tem orgulho de ser uma TOP PERFORMER do FAIM com 100% de conformidade.<\/p>\t\t\t\t\t\t\t\t<\/div>\n\t\t\t\t<\/div>\n\t\t\t\t<div class=\"elementor-element elementor-element-9546167 elementor-widget elementor-widget-image\" data-id=\"9546167\" data-element_type=\"widget\" data-e-type=\"widget\" data-widget_type=\"image.default\">\n\t\t\t\t<div class=\"elementor-widget-container\">\n\t\t\t\t\t\t\t\t\t\t\t\t\t\t\t<img fetchpriority=\"high\" decoding=\"async\" width=\"755\" height=\"448\" src=\"https:\/\/www.fink.com.br\/mobility\/wp-content\/uploads\/2023\/02\/faim2022.png\" class=\"attachment-large size-large wp-image-7438\" alt=\"\" srcset=\"https:\/\/www.fink.com.br\/mobility\/wp-content\/uploads\/2023\/02\/faim2022.png 755w, https:\/\/www.fink.com.br\/mobility\/wp-content\/uploads\/2023\/02\/faim2022-300x178.png 300w\" sizes=\"(max-width: 755px) 100vw, 755px\" \/>\t\t\t\t\t\t\t\t\t\t\t\t\t\t\t<\/div>\n\t\t\t\t<\/div>\n\t\t\t\t<section class=\"elementor-section elementor-inner-section elementor-element elementor-element-c43daa0 elementor-section-boxed elementor-section-height-default elementor-section-height-default\" data-id=\"c43daa0\" data-element_type=\"section\" data-e-type=\"section\">\n\t\t\t\t\t\t<div class=\"elementor-container elementor-column-gap-narrow\">\n\t\t\t\t\t<div class=\"elementor-column elementor-col-50 elementor-inner-column elementor-element elementor-element-4602245\" data-id=\"4602245\" data-element_type=\"column\" data-e-type=\"column\">\n\t\t\t<div class=\"elementor-widget-wrap elementor-element-populated\">\n\t\t\t\t\t\t<div class=\"elementor-element elementor-element-35fcdac elementor-widget elementor-widget-image\" data-id=\"35fcdac\" data-element_type=\"widget\" data-e-type=\"widget\" data-widget_type=\"image.default\">\n\t\t\t\t<div class=\"elementor-widget-container\">\n\t\t\t\t\t\t\t\t\t\t\t\t<figure class=\"wp-caption\">\n\t\t\t\t\t\t\t\t\t\t\t<a href=\"https:\/\/www.fink.com.br\/mobility\/wp-content\/uploads\/2025\/05\/faim-2025-certificate.pdf\" target=\"_blank\">\n\t\t\t\t\t\t\t<img decoding=\"async\" width=\"99\" height=\"111\" src=\"https:\/\/www.fink.com.br\/mobility\/wp-content\/uploads\/2023\/01\/PDF-ICON.png\" class=\"attachment-large size-large wp-image-4258\" alt=\"\" \/>\t\t\t\t\t\t\t\t<\/a>\n\t\t\t\t\t\t\t\t\t\t\t<figcaption class=\"widget-image-caption wp-caption-text\">Certificado FAIM Plus TOP PERFORMER<\/figcaption>\n\t\t\t\t\t\t\t\t\t\t<\/figure>\n\t\t\t\t\t\t\t\t\t<\/div>\n\t\t\t\t<\/div>\n\t\t\t\t\t<\/div>\n\t\t<\/div>\n\t\t\t\t<div class=\"elementor-column elementor-col-50 elementor-inner-column elementor-element elementor-element-b4705b9\" data-id=\"b4705b9\" data-element_type=\"column\" data-e-type=\"column\">\n\t\t\t<div class=\"elementor-widget-wrap elementor-element-populated\">\n\t\t\t\t\t\t<div class=\"elementor-element elementor-element-bf202be elementor-widget elementor-widget-image\" data-id=\"bf202be\" data-element_type=\"widget\" data-e-type=\"widget\" data-widget_type=\"image.default\">\n\t\t\t\t<div class=\"elementor-widget-container\">\n\t\t\t\t\t\t\t\t\t\t\t\t<figure class=\"wp-caption\">\n\t\t\t\t\t\t\t\t\t\t\t<a href=\"https:\/\/www.fink.com.br\/mobility\/wp-content\/uploads\/2023\/01\/dsp-compliance-report-2022.pdf\" target=\"_blank\">\n\t\t\t\t\t\t\t<img decoding=\"async\" width=\"99\" height=\"111\" src=\"https:\/\/www.fink.com.br\/mobility\/wp-content\/uploads\/2023\/01\/PDF-ICON.png\" class=\"attachment-large size-large wp-image-4258\" alt=\"\" \/>\t\t\t\t\t\t\t\t<\/a>\n\t\t\t\t\t\t\t\t\t\t\t<figcaption class=\"widget-image-caption wp-caption-text\">Certificado FAIM DSP<\/figcaption>\n\t\t\t\t\t\t\t\t\t\t<\/figure>\n\t\t\t\t\t\t\t\t\t<\/div>\n\t\t\t\t<\/div>\n\t\t\t\t\t<\/div>\n\t\t<\/div>\n\t\t\t\t\t<\/div>\n\t\t<\/section>\n\t\t\t\t\t<\/div>\n\t\t<\/div>\n\t\t\t\t\t<\/div>\n\t\t<\/section>\n\t\t\t\t<section class=\"elementor-section elementor-top-section elementor-element elementor-element-41cf8dc elementor-section-boxed elementor-section-height-default elementor-section-height-default\" data-id=\"41cf8dc\" data-element_type=\"section\" data-e-type=\"section\" data-settings=\"{&quot;background_background&quot;:&quot;classic&quot;}\">\n\t\t\t\t\t\t<div class=\"elementor-container elementor-column-gap-default\">\n\t\t\t\t\t<div class=\"elementor-column elementor-col-100 elementor-top-column elementor-element elementor-element-45e101b\" data-id=\"45e101b\" data-element_type=\"column\" data-e-type=\"column\" data-settings=\"{&quot;background_background&quot;:&quot;classic&quot;}\">\n\t\t\t<div class=\"elementor-widget-wrap elementor-element-populated\">\n\t\t\t\t\t\t<section class=\"elementor-section elementor-inner-section elementor-element elementor-element-21b2464 elementor-section-boxed elementor-section-height-default elementor-section-height-default\" data-id=\"21b2464\" data-element_type=\"section\" data-e-type=\"section\">\n\t\t\t\t\t\t<div class=\"elementor-container elementor-column-gap-default\">\n\t\t\t\t\t<div class=\"elementor-column elementor-col-50 elementor-inner-column elementor-element elementor-element-a927819 elementor-invisible\" data-id=\"a927819\" data-element_type=\"column\" data-e-type=\"column\" data-settings=\"{&quot;animation&quot;:&quot;fadeInLeft&quot;}\">\n\t\t\t<div class=\"elementor-widget-wrap elementor-element-populated\">\n\t\t\t\t\t\t<div class=\"elementor-element elementor-element-58b3a3a elementor-widget elementor-widget-heading\" data-id=\"58b3a3a\" data-element_type=\"widget\" data-e-type=\"widget\" data-widget_type=\"heading.default\">\n\t\t\t\t<div class=\"elementor-widget-container\">\n\t\t\t\t\t<h2 class=\"elementor-heading-title elementor-size-default\">Somos Certificados:<\/h2>\t\t\t\t<\/div>\n\t\t\t\t<\/div>\n\t\t\t\t\t<\/div>\n\t\t<\/div>\n\t\t\t\t<div class=\"elementor-column elementor-col-50 elementor-inner-column elementor-element elementor-element-4571836 elementor-invisible\" data-id=\"4571836\" data-element_type=\"column\" data-e-type=\"column\" data-settings=\"{&quot;animation&quot;:&quot;fadeInRight&quot;}\">\n\t\t\t<div class=\"elementor-widget-wrap elementor-element-populated\">\n\t\t\t\t\t\t<div class=\"elementor-element elementor-element-b05abcc elementor-align-start elementor-icon-list--layout-traditional elementor-list-item-link-full_width elementor-widget elementor-widget-icon-list\" data-id=\"b05abcc\" data-element_type=\"widget\" data-e-type=\"widget\" data-widget_type=\"icon-list.default\">\n\t\t\t\t<div class=\"elementor-widget-container\">\n\t\t\t\t\t\t\t<ul class=\"elementor-icon-list-items\">\n\t\t\t\t\t\t\t<li class=\"elementor-icon-list-item\">\n\t\t\t\t\t\t\t\t\t\t\t<span class=\"elementor-icon-list-icon\">\n\t\t\t\t\t\t\t<i aria-hidden=\"true\" class=\"fas fa-circle\"><\/i>\t\t\t\t\t\t<\/span>\n\t\t\t\t\t\t\t\t\t\t<span class=\"elementor-icon-list-text\">FAIM PLUS - Ernst &amp; Young - Top Performer<\/span>\n\t\t\t\t\t\t\t\t\t<\/li>\n\t\t\t\t\t\t\t\t<li class=\"elementor-icon-list-item\">\n\t\t\t\t\t\t\t\t\t\t\t<span class=\"elementor-icon-list-icon\">\n\t\t\t\t\t\t\t<i aria-hidden=\"true\" class=\"fas fa-circle\"><\/i>\t\t\t\t\t\t<\/span>\n\t\t\t\t\t\t\t\t\t\t<span class=\"elementor-icon-list-text\">ICEFAT - Ernst &amp; Young \u2013 100% de conformidade<\/span>\n\t\t\t\t\t\t\t\t\t<\/li>\n\t\t\t\t\t\t\t\t<li class=\"elementor-icon-list-item\">\n\t\t\t\t\t\t\t\t\t\t\t<span class=\"elementor-icon-list-icon\">\n\t\t\t\t\t\t\t<i aria-hidden=\"true\" class=\"fas fa-circle\"><\/i>\t\t\t\t\t\t<\/span>\n\t\t\t\t\t\t\t\t\t\t<span class=\"elementor-icon-list-text\">LACMA PACKERS<\/span>\n\t\t\t\t\t\t\t\t\t<\/li>\n\t\t\t\t\t\t\t\t<li class=\"elementor-icon-list-item\">\n\t\t\t\t\t\t\t\t\t\t\t<span class=\"elementor-icon-list-icon\">\n\t\t\t\t\t\t\t<i aria-hidden=\"true\" class=\"fas fa-circle\"><\/i>\t\t\t\t\t\t<\/span>\n\t\t\t\t\t\t\t\t\t\t<span class=\"elementor-icon-list-text\">PROTE\u00c7\u00c3O DE DADOS<\/span>\n\t\t\t\t\t\t\t\t\t<\/li>\n\t\t\t\t\t\t<\/ul>\n\t\t\t\t\t\t<\/div>\n\t\t\t\t<\/div>\n\t\t\t\t\t<\/div>\n\t\t<\/div>\n\t\t\t\t\t<\/div>\n\t\t<\/section>\n\t\t\t\t\t<\/div>\n\t\t<\/div>\n\t\t\t\t\t<\/div>\n\t\t<\/section>\n\t\t\t\t<\/div>\n\t\t","protected":false},"excerpt":{"rendered":"<p>FAIM O programa de certifica\u00e7\u00e3o FIDI-FAIM \u00e9 reconhecido como o selo supremo de qualidade na ind\u00fastria de mudan\u00e7as internacionais. O certificado \u00e9 garantido apenas \u00e0s empresas que cumprem todas as exig\u00eancias do programa de qualidade executado pela empresa de auditoria Ernst &amp; Young, internacionalmente. A FINK tem orgulho de ser uma TOP PERFORMER do FAIM [&hellip;]<\/p>\n","protected":false},"author":13,"featured_media":0,"parent":0,"menu_order":0,"comment_status":"closed","ping_status":"closed","template":"","meta":{"footnotes":""},"class_list":["post-2600","page","type-page","status-publish","hentry"],"yoast_head":"<!-- This site is optimized with the Yoast SEO plugin v27.2 - https:\/\/yoast.com\/product\/yoast-seo-wordpress\/ -->\n<title>FAIM - Fink<\/title>\n<meta name=\"robots\" content=\"index, follow, max-snippet:-1, max-image-preview:large, max-video-preview:-1\" \/>\n<link rel=\"canonical\" href=\"https:\/\/www.fink.com.br\/mobility\/faim\/\" \/>\n<meta property=\"og:locale\" content=\"pt_BR\" \/>\n<meta property=\"og:type\" content=\"article\" \/>\n<meta property=\"og:title\" content=\"FAIM - Fink\" \/>\n<meta property=\"og:description\" content=\"FAIM O programa de certifica\u00e7\u00e3o FIDI-FAIM \u00e9 reconhecido como o selo supremo de qualidade na ind\u00fastria de mudan\u00e7as internacionais. O certificado \u00e9 garantido apenas \u00e0s empresas que cumprem todas as exig\u00eancias do programa de qualidade executado pela empresa de auditoria Ernst &amp; Young, internacionalmente. A FINK tem orgulho de ser uma TOP PERFORMER do FAIM [&hellip;]\" \/>\n<meta property=\"og:url\" content=\"https:\/\/www.fink.com.br\/mobility\/faim\/\" \/>\n<meta property=\"og:site_name\" content=\"Fink\" \/>\n<meta property=\"article:publisher\" content=\"https:\/\/www.facebook.com\/FINKMobility\/\" \/>\n<meta property=\"article:modified_time\" content=\"2026-03-16T16:42:36+00:00\" \/>\n<meta property=\"og:image\" content=\"https:\/\/www.fink.com.br\/mobility\/wp-content\/uploads\/2023\/02\/faim2022.png\" \/>\n\t<meta property=\"og:image:width\" content=\"755\" \/>\n\t<meta property=\"og:image:height\" content=\"448\" \/>\n\t<meta property=\"og:image:type\" content=\"image\/png\" \/>\n<meta name=\"twitter:card\" content=\"summary_large_image\" \/>\n<meta name=\"twitter:label1\" content=\"Est. tempo de leitura\" \/>\n\t<meta name=\"twitter:data1\" content=\"2 minutos\" \/>\n<script type=\"application\/ld+json\" class=\"yoast-schema-graph\">{\"@context\":\"https:\/\/schema.org\",\"@graph\":[{\"@type\":\"WebPage\",\"@id\":\"https:\/\/www.fink.com.br\/mobility\/faim\/\",\"url\":\"https:\/\/www.fink.com.br\/mobility\/faim\/\",\"name\":\"FAIM - Fink\",\"isPartOf\":{\"@id\":\"https:\/\/www.fink.com.br\/mobility\/#website\"},\"primaryImageOfPage\":{\"@id\":\"https:\/\/www.fink.com.br\/mobility\/faim\/#primaryimage\"},\"image\":{\"@id\":\"https:\/\/www.fink.com.br\/mobility\/faim\/#primaryimage\"},\"thumbnailUrl\":\"https:\/\/www.fink.com.br\/mobility\/wp-content\/uploads\/2023\/02\/faim2022.png\",\"datePublished\":\"2022-12-09T15:52:01+00:00\",\"dateModified\":\"2026-03-16T16:42:36+00:00\",\"breadcrumb\":{\"@id\":\"https:\/\/www.fink.com.br\/mobility\/faim\/#breadcrumb\"},\"inLanguage\":\"pt-BR\",\"potentialAction\":[{\"@type\":\"ReadAction\",\"target\":[\"https:\/\/www.fink.com.br\/mobility\/faim\/\"]}]},{\"@type\":\"ImageObject\",\"inLanguage\":\"pt-BR\",\"@id\":\"https:\/\/www.fink.com.br\/mobility\/faim\/#primaryimage\",\"url\":\"https:\/\/www.fink.com.br\/mobility\/wp-content\/uploads\/2023\/02\/faim2022.png\",\"contentUrl\":\"https:\/\/www.fink.com.br\/mobility\/wp-content\/uploads\/2023\/02\/faim2022.png\",\"width\":755,\"height\":448},{\"@type\":\"BreadcrumbList\",\"@id\":\"https:\/\/www.fink.com.br\/mobility\/faim\/#breadcrumb\",\"itemListElement\":[{\"@type\":\"ListItem\",\"position\":1,\"name\":\"Home\",\"item\":\"https:\/\/www.fink.com.br\/mobility\/\"},{\"@type\":\"ListItem\",\"position\":2,\"name\":\"FAIM\"}]},{\"@type\":\"WebSite\",\"@id\":\"https:\/\/www.fink.com.br\/mobility\/#website\",\"url\":\"https:\/\/www.fink.com.br\/mobility\/\",\"name\":\"Fink\",\"description\":\"Mobility\",\"publisher\":{\"@id\":\"https:\/\/www.fink.com.br\/mobility\/#organization\"},\"potentialAction\":[{\"@type\":\"SearchAction\",\"target\":{\"@type\":\"EntryPoint\",\"urlTemplate\":\"https:\/\/www.fink.com.br\/mobility\/?s={search_term_string}\"},\"query-input\":{\"@type\":\"PropertyValueSpecification\",\"valueRequired\":true,\"valueName\":\"search_term_string\"}}],\"inLanguage\":\"pt-BR\"},{\"@type\":\"Organization\",\"@id\":\"https:\/\/www.fink.com.br\/mobility\/#organization\",\"name\":\"Fink\",\"url\":\"https:\/\/www.fink.com.br\/mobility\/\",\"logo\":{\"@type\":\"ImageObject\",\"inLanguage\":\"pt-BR\",\"@id\":\"https:\/\/www.fink.com.br\/mobility\/#\/schema\/logo\/image\/\",\"url\":\"https:\/\/www.fink.com.br\/mobility\/wp-content\/uploads\/2022\/11\/logo-fink.png\",\"contentUrl\":\"https:\/\/www.fink.com.br\/mobility\/wp-content\/uploads\/2022\/11\/logo-fink.png\",\"width\":176,\"height\":49,\"caption\":\"Fink\"},\"image\":{\"@id\":\"https:\/\/www.fink.com.br\/mobility\/#\/schema\/logo\/image\/\"},\"sameAs\":[\"https:\/\/www.facebook.com\/FINKMobility\/\",\"https:\/\/www.instagram.com\/FINKMobility\/\",\"https:\/\/www.linkedin.com\/company\/fink-mobility\"]}]}<\/script>\n<!-- \/ Yoast SEO plugin. -->","yoast_head_json":{"title":"FAIM - Fink","robots":{"index":"index","follow":"follow","max-snippet":"max-snippet:-1","max-image-preview":"max-image-preview:large","max-video-preview":"max-video-preview:-1"},"canonical":"https:\/\/www.fink.com.br\/mobility\/faim\/","og_locale":"pt_BR","og_type":"article","og_title":"FAIM - Fink","og_description":"FAIM O programa de certifica\u00e7\u00e3o FIDI-FAIM \u00e9 reconhecido como o selo supremo de qualidade na ind\u00fastria de mudan\u00e7as internacionais. O certificado \u00e9 garantido apenas \u00e0s empresas que cumprem todas as exig\u00eancias do programa de qualidade executado pela empresa de auditoria Ernst &amp; Young, internacionalmente. A FINK tem orgulho de ser uma TOP PERFORMER do FAIM [&hellip;]","og_url":"https:\/\/www.fink.com.br\/mobility\/faim\/","og_site_name":"Fink","article_publisher":"https:\/\/www.facebook.com\/FINKMobility\/","article_modified_time":"2026-03-16T16:42:36+00:00","og_image":[{"width":755,"height":448,"url":"https:\/\/www.fink.com.br\/mobility\/wp-content\/uploads\/2023\/02\/faim2022.png","type":"image\/png"}],"twitter_card":"summary_large_image","twitter_misc":{"Est. tempo de leitura":"2 minutos"},"schema":{"@context":"https:\/\/schema.org","@graph":[{"@type":"WebPage","@id":"https:\/\/www.fink.com.br\/mobility\/faim\/","url":"https:\/\/www.fink.com.br\/mobility\/faim\/","name":"FAIM - Fink","isPartOf":{"@id":"https:\/\/www.fink.com.br\/mobility\/#website"},"primaryImageOfPage":{"@id":"https:\/\/www.fink.com.br\/mobility\/faim\/#primaryimage"},"image":{"@id":"https:\/\/www.fink.com.br\/mobility\/faim\/#primaryimage"},"thumbnailUrl":"https:\/\/www.fink.com.br\/mobility\/wp-content\/uploads\/2023\/02\/faim2022.png","datePublished":"2022-12-09T15:52:01+00:00","dateModified":"2026-03-16T16:42:36+00:00","breadcrumb":{"@id":"https:\/\/www.fink.com.br\/mobility\/faim\/#breadcrumb"},"inLanguage":"pt-BR","potentialAction":[{"@type":"ReadAction","target":["https:\/\/www.fink.com.br\/mobility\/faim\/"]}]},{"@type":"ImageObject","inLanguage":"pt-BR","@id":"https:\/\/www.fink.com.br\/mobility\/faim\/#primaryimage","url":"https:\/\/www.fink.com.br\/mobility\/wp-content\/uploads\/2023\/02\/faim2022.png","contentUrl":"https:\/\/www.fink.com.br\/mobility\/wp-content\/uploads\/2023\/02\/faim2022.png","width":755,"height":448},{"@type":"BreadcrumbList","@id":"https:\/\/www.fink.com.br\/mobility\/faim\/#breadcrumb","itemListElement":[{"@type":"ListItem","position":1,"name":"Home","item":"https:\/\/www.fink.com.br\/mobility\/"},{"@type":"ListItem","position":2,"name":"FAIM"}]},{"@type":"WebSite","@id":"https:\/\/www.fink.com.br\/mobility\/#website","url":"https:\/\/www.fink.com.br\/mobility\/","name":"Fink","description":"Mobility","publisher":{"@id":"https:\/\/www.fink.com.br\/mobility\/#organization"},"potentialAction":[{"@type":"SearchAction","target":{"@type":"EntryPoint","urlTemplate":"https:\/\/www.fink.com.br\/mobility\/?s={search_term_string}"},"query-input":{"@type":"PropertyValueSpecification","valueRequired":true,"valueName":"search_term_string"}}],"inLanguage":"pt-BR"},{"@type":"Organization","@id":"https:\/\/www.fink.com.br\/mobility\/#organization","name":"Fink","url":"https:\/\/www.fink.com.br\/mobility\/","logo":{"@type":"ImageObject","inLanguage":"pt-BR","@id":"https:\/\/www.fink.com.br\/mobility\/#\/schema\/logo\/image\/","url":"https:\/\/www.fink.com.br\/mobility\/wp-content\/uploads\/2022\/11\/logo-fink.png","contentUrl":"https:\/\/www.fink.com.br\/mobility\/wp-content\/uploads\/2022\/11\/logo-fink.png","width":176,"height":49,"caption":"Fink"},"image":{"@id":"https:\/\/www.fink.com.br\/mobility\/#\/schema\/logo\/image\/"},"sameAs":["https:\/\/www.facebook.com\/FINKMobility\/","https:\/\/www.instagram.com\/FINKMobility\/","https:\/\/www.linkedin.com\/company\/fink-mobility"]}]}},"_links":{"self":[{"href":"https:\/\/www.fink.com.br\/mobility\/wp-json\/wp\/v2\/pages\/2600","targetHints":{"allow":["GET"]}}],"collection":[{"href":"https:\/\/www.fink.com.br\/mobility\/wp-json\/wp\/v2\/pages"}],"about":[{"href":"https:\/\/www.fink.com.br\/mobility\/wp-json\/wp\/v2\/types\/page"}],"author":[{"embeddable":true,"href":"https:\/\/www.fink.com.br\/mobility\/wp-json\/wp\/v2\/users\/13"}],"replies":[{"embeddable":true,"href":"https:\/\/www.fink.com.br\/mobility\/wp-json\/wp\/v2\/comments?post=2600"}],"version-history":[{"count":100,"href":"https:\/\/www.fink.com.br\/mobility\/wp-json\/wp\/v2\/pages\/2600\/revisions"}],"predecessor-version":[{"id":11904,"href":"https:\/\/www.fink.com.br\/mobility\/wp-json\/wp\/v2\/pages\/2600\/revisions\/11904"}],"wp:attachment":[{"href":"https:\/\/www.fink.com.br\/mobility\/wp-json\/wp\/v2\/media?parent=2600"}],"curies":[{"name":"wp","href":"https:\/\/api.w.org\/{rel}","templated":true}]}}